{"id":11,"date":"2025-07-18T19:46:00","date_gmt":"2025-07-18T22:46:00","guid":{"rendered":"https:\/\/comparetudoja.com.br\/?page_id=11"},"modified":"2025-07-18T19:46:00","modified_gmt":"2025-07-18T22:46:00","slug":"blog","status":"publish","type":"page","link":"https:\/\/comparetudoja.com.br\/?page_id=11","title":{"rendered":"Blog"},"content":{"rendered":"<div class=\"wp-block-group alignfull hostinger-ai-our-blog-1 hostinger-ai-fade-up has-global-padding is-layout-constrained wp-block-group-is-layout-constrained\" data-aos=\"fade-up\">\n    <div class=\"wp-block-group alignwide hostinger-ai-fade-up has-global-padding is-content-justification-left is-layout-constrained wp-container-core-group-is-layout-12dd3699 wp-block-group-is-layout-constrained\" data-aos=\"fade-up\">\n        <h2 class=\"wp-block-heading is-style-default hostinger-ai-title has-dark-color has-text-color has-link-color has-x-large-font-size wp-elements-99b568981892774642a87298c54580b4\" style=\"margin-bottom:var(--wp--preset--spacing--50)\">Decis&otilde;es de Compra<\/h2>\n        \n\n        \n        <div data-wp-context=\"{}\" data-wp-interactive=\"core\/query\" data-wp-key=\"24\" data-wp-router-region=\"query-24\" class=\"wp-block-query alignwide is-layout-flow wp-block-query-is-layout-flow\"><ul class=\"columns-2 post-item wp-block-post-template is-layout-grid wp-container-core-post-template-is-layout-02493678 wp-block-post-template-is-layout-grid\"><li data-wp-key=\"post-template-item-8\" class=\"wp-block-post post-8 post type-post status-publish format-standard has-post-thumbnail hentry category-sem-categoria\">\n            <figure class=\"wp-block-post-featured-image\"><a href=\"https:\/\/comparetudoja.com.br\/?p=8\" target=\"_self\"  ><img loading=\"lazy\" decoding=\"async\" width=\"530\" height=\"250\" src=\"https:\/\/images.unsplash.com\/photo-1673350963985-3cbbd3b25392?q=85&amp;w=530&amp;h=250&amp;fit=crop\" class=\"attachment-blog-thumb size-blog-thumb wp-post-image\" alt=\"Como Escolher Produtos de Acordo com Suas Necessidades\" style=\"border-radius:20px;object-fit:cover;\" \/><\/a><\/figure>\n\n            <h2 style=\"margin-bottom:0;margin-top:var(--wp--preset--spacing--20);\" class=\"wp-block-post-title has-large-font-size\"><a href=\"https:\/\/comparetudoja.com.br\/?p=8\" target=\"_self\" >Como Escolher Produtos de Acordo com Suas Necessidades<\/a><\/h2>\n\n            <div style=\"margin-bottom:0;margin-top:var(--wp--preset--spacing--20);\" class=\"wp-block-post-excerpt\"><p class=\"wp-block-post-excerpt__excerpt\">Entenda Suas Necessidades Antes de tomar qualquer decis\u00e3o de compra, \u00e9 fundamental que voc\u00ea identifique suas necessidades espec\u00edficas. Pergunte a&hellip; <\/p><\/div>\n\n            <div style=\"margin-top:var(--wp--preset--spacing--20);\" class=\"wp-block-post-date\"><time datetime=\"2025-07-18T19:45:59-03:00\">7\/18\/2025<\/time><\/div>\n            <\/li><li data-wp-key=\"post-template-item-6\" class=\"wp-block-post post-6 post type-post status-publish format-standard has-post-thumbnail hentry category-sem-categoria\">\n            <figure class=\"wp-block-post-featured-image\"><a href=\"https:\/\/comparetudoja.com.br\/?p=6\" target=\"_self\"  ><img loading=\"lazy\" decoding=\"async\" width=\"530\" height=\"250\" src=\"https:\/\/images.unsplash.com\/photo-1672968831840-ab691ce8f263?q=85&amp;w=530&amp;h=250&amp;fit=crop\" class=\"attachment-blog-thumb size-blog-thumb wp-post-image\" alt=\"Escolhendo o Produto Certo: Dicas para Decidir com Confian\u00e7a\" style=\"border-radius:20px;object-fit:cover;\" \/><\/a><\/figure>\n\n            <h2 style=\"margin-bottom:0;margin-top:var(--wp--preset--spacing--20);\" class=\"wp-block-post-title has-large-font-size\"><a href=\"https:\/\/comparetudoja.com.br\/?p=6\" target=\"_self\" >Escolhendo o Produto Certo: Dicas para Decidir com Confian\u00e7a<\/a><\/h2>\n\n            <div style=\"margin-bottom:0;margin-top:var(--wp--preset--spacing--20);\" class=\"wp-block-post-excerpt\"><p class=\"wp-block-post-excerpt__excerpt\">Introdu\u00e7\u00e3o Nos dias de hoje, a vasta gama de produtos dispon\u00edveis online pode ser tanto uma b\u00ean\u00e7\u00e3o quanto uma maldi\u00e7\u00e3o.&hellip; <\/p><\/div>\n\n            <div style=\"margin-top:var(--wp--preset--spacing--20);\" class=\"wp-block-post-date\"><time datetime=\"2025-07-18T19:45:59-03:00\">7\/18\/2025<\/time><\/div>\n            <\/li><\/ul><\/div>\n        <\/div>\n    <\/div>\n<div class=\"wp-block-group alignfull hostinger-ai-gallery-8 hostinger-ai-fade-up is-layout-flow wp-block-group-is-layout-flow\" data-aos=\"fade-up\">\n<div class=\"wp-block-group alignwide hostinger-ai-fade-up has-global-padding is-layout-constrained wp-block-group-is-layout-constrained\" data-aos=\"fade-up\" style=\"padding-top:var(--wp--preset--spacing--60);padding-bottom:var(--wp--preset--spacing--60)\">\n<h2 class=\"wp-block-heading has-text-align-center hostinger-ai-title has-dark-color has-text-color has-link-color has-x-large-font-size wp-elements-d6f86b04815bdcfeb5d03221277fc3e3\" style=\"margin-top:0;margin-right:0;margin-bottom:var(--wp--preset--spacing--20);margin-left:0\">Comparar Produtos<\/h2>\n\n\n\n<p class=\"has-text-align-center hostinger-ai-description has-dark-color has-text-color has-link-color has-medium-font-size wp-elements-d046b86dd15e37954730ce0410b5d632\" style=\"margin-top:0;margin-bottom:0\">Auxiliamos na escolha de produtos ideais conforme suas necessidades e prefer&ecirc;ncias pessoais.<\/p>\n<\/div>\n\n\n\n<div class=\"wp-block-group hostinger-ai-fade-up has-global-padding is-layout-constrained wp-block-group-is-layout-constrained\" data-aos=\"fade-up\" style=\"margin-top:0;margin-bottom:var(--wp--preset--spacing--60)\">\n<div class=\"wp-block-columns alignwide is-layout-flex wp-container-core-columns-is-layout-28f84493 wp-block-columns-is-layout-flex\">\n<div class=\"wp-block-column is-layout-flow wp-block-column-is-layout-flow\">\n<figure class=\"wp-block-image size-full has-custom-border hostinger-ai-image hostinger-index-36\"><img decoding=\"async\" src=\"https:\/\/images.unsplash.com\/photo-1652213977068-ef709ac8d50c?q=85&amp;w=543&amp;h=450&amp;fit=crop\" alt=\"A selection of grooming products arranged on a cloth-covered surface. Included are bottles of various sizes and colors, a wristwatch, and a small potted cactus. The bottles feature a minimalist design, mostly in black and dark hues, and are accompanied by a scented candle.\" class=\"wp-image-1273\" style=\"border-radius:16px\"><\/figure>\n\n\n\n<figure class=\"wp-block-image size-full has-custom-border hostinger-ai-image hostinger-index-37\"><img decoding=\"async\" src=\"https:\/\/images.unsplash.com\/photo-1531751519425-e1fa9110434b?q=85&amp;w=543&amp;h=450&amp;fit=crop\" alt=\"A selection of beauty products is displayed on a yellow countertop. There is an eyeshadow palette with neutral shades, a round compact with a golden lid, two dropper bottles containing serums, a makeup brush with a gold handle, and two white pen-shaped makeup products.\" class=\"wp-image-1273\" style=\"border-radius:16px\"><\/figure>\n<\/div>\n\n\n\n<div class=\"wp-block-column is-layout-flow wp-block-column-is-layout-flow\">\n<figure class=\"wp-block-image size-full has-custom-border hostinger-ai-image hostinger-index-38\"><img decoding=\"async\" src=\"https:\/\/images.unsplash.com\/photo-1618349248372-afb74754b087?q=85&amp;w=543&amp;h=450&amp;fit=crop\" alt=\"Various shoe care products are arranged on a surface, including two bottles labeled 'crep protect' and 'crep cure,' a brush, a cloth, and a black pouch. The background features a pair of casual sneakers.\" class=\"wp-image-1273\" style=\"border-radius:16px\"><\/figure>\n\n\n\n<figure class=\"wp-block-image size-full has-custom-border hostinger-ai-image hostinger-index-39\"><img decoding=\"async\" src=\"https:\/\/images.unsplash.com\/photo-1698704085849-812f8cb62528?q=85&amp;w=543&amp;h=450&amp;fit=crop\" alt=\"Rows of shelves filled with various colorful bottles and tubes, including creams and sprays. The products are neatly arranged in an orderly display, showcasing different brands and types, each with distinctive colored labels and caps.\" class=\"wp-image-1273\" style=\"border-radius:16px\"><\/figure>\n<\/div>\n<\/div>\n<\/div>\n<\/div>\n","protected":false},"excerpt":{"rendered":"<p>Decis&otilde;es de Compra Comparar Produtos Auxiliamos na escolha de produtos ideais conforme suas necessidades e prefer&ecirc;ncias pessoais.<\/p>\n","protected":false},"author":1,"featured_media":0,"parent":0,"menu_order":0,"comment_status":"closed","ping_status":"closed","template":"","meta":{"footnotes":""},"class_list":["post-11","page","type-page","status-publish","hentry"],"_links":{"self":[{"href":"https:\/\/comparetudoja.com.br\/index.php?rest_route=\/wp\/v2\/pages\/11","targetHints":{"allow":["GET"]}}],"collection":[{"href":"https:\/\/comparetudoja.com.br\/index.php?rest_route=\/wp\/v2\/pages"}],"about":[{"href":"https:\/\/comparetudoja.com.br\/index.php?rest_route=\/wp\/v2\/types\/page"}],"author":[{"embeddable":true,"href":"https:\/\/comparetudoja.com.br\/index.php?rest_route=\/wp\/v2\/users\/1"}],"replies":[{"embeddable":true,"href":"https:\/\/comparetudoja.com.br\/index.php?rest_route=%2Fwp%2Fv2%2Fcomments&post=11"}],"version-history":[{"count":0,"href":"https:\/\/comparetudoja.com.br\/index.php?rest_route=\/wp\/v2\/pages\/11\/revisions"}],"wp:attachment":[{"href":"https:\/\/comparetudoja.com.br\/index.php?rest_route=%2Fwp%2Fv2%2Fmedia&parent=11"}],"curies":[{"name":"wp","href":"https:\/\/api.w.org\/{rel}","templated":true}]}}